{"id":15246,"date":"2025-08-02T19:40:15","date_gmt":"2025-08-02T12:40:15","guid":{"rendered":"https:\/\/bangkokinsiders.com\/reise-essentials-damit-du-intelligenter-reisen-kannst\/"},"modified":"2025-08-15T23:41:33","modified_gmt":"2025-08-15T16:41:33","slug":"reise-essentials-damit-du-intelligenter-reisen-kannst","status":"publish","type":"page","link":"https:\/\/www.bangkokinsiders.com\/de\/reise-essentials-damit-du-intelligenter-reisen-kannst\/","title":{"rendered":"Reise-Essentials, damit du intelligenter reisen kannst"},"content":{"rendered":"<style>.kb-row-layout-id15246_7dc7ea-f4 > .kt-row-column-wrap{align-content:end;}:where(.kb-row-layout-id15246_7dc7ea-f4 > .kt-row-column-wrap) > .wp-block-kadence-column{justify-content:end;}.kb-row-layout-id15246_7dc7ea-f4 > .kt-row-column-wrap{column-gap:var(--global-kb-gap-md, 2rem);row-gap:var(--global-kb-gap-md, 2rem);max-width:700px;margin-left:auto;margin-right:auto;padding-top:125px;padding-right:20px;padding-bottom:100px;padding-left:20px;grid-template-columns:minmax(0, 1fr);}.kb-row-layout-id15246_7dc7ea-f4{background-color:rgba(255,255,255,0);background-image:url('https:\/\/bangkokinsiders.com\/wp-content\/uploads\/2025\/08\/team-behind-bangkok-insiders.jpg');background-size:cover;background-position:49% 53%;background-attachment:scroll;background-repeat:no-repeat;}.kb-row-layout-id15246_7dc7ea-f4 > .kt-row-layout-overlay{opacity:0.46;background-color:#000000;mix-blend-mode:normal;}.kb-row-layout-id15246_7dc7ea-f4 ,.kb-row-layout-id15246_7dc7ea-f4 h1,.kb-row-layout-id15246_7dc7ea-f4 h2,.kb-row-layout-id15246_7dc7ea-f4 h3,.kb-row-layout-id15246_7dc7ea-f4 h4,.kb-row-layout-id15246_7dc7ea-f4 h5,.kb-row-layout-id15246_7dc7ea-f4 h6{color:var(--global-palette1, #3182CE);}@media all and (max-width: 1024px){.kb-row-layout-id15246_7dc7ea-f4 > .kt-row-column-wrap{grid-template-columns:minmax(0, 1fr);}}@media all and (max-width: 767px){.kb-row-layout-id15246_7dc7ea-f4 > .kt-row-column-wrap{grid-template-columns:minmax(0, 1fr);}}<\/style><div class=\"kb-row-layout-wrap kb-row-layout-id15246_7dc7ea-f4 alignfull kt-row-has-bg wp-block-kadence-rowlayout\"><div class=\"kt-row-layout-overlay kt-row-overlay-normal\"><\/div><div class=\"kt-row-column-wrap kt-has-1-columns kt-row-layout-equal kt-tab-layout-inherit kt-mobile-layout-row kt-row-valign-bottom\">\n<style>.kadence-column15246_1c96fa-e9 > .kt-inside-inner-col{display:flex;}.kadence-column15246_1c96fa-e9 > .kt-inside-inner-col,.kadence-column15246_1c96fa-e9 > .kt-inside-inner-col:before{border-top-left-radius:0px;border-top-right-radius:0px;border-bottom-right-radius:0px;border-bottom-left-radius:0px;}.kadence-column15246_1c96fa-e9 > .kt-inside-inner-col{column-gap:var(--global-kb-gap-sm, 1rem);}.kadence-column15246_1c96fa-e9 > .kt-inside-inner-col{flex-direction:column;justify-content:center;}.kadence-column15246_1c96fa-e9 > .kt-inside-inner-col > .aligncenter{width:100%;}.kt-row-column-wrap > .kadence-column15246_1c96fa-e9{align-self:center;}.kt-inner-column-height-full:not(.kt-has-1-columns) > .wp-block-kadence-column.kadence-column15246_1c96fa-e9{align-self:auto;}.kt-inner-column-height-full:not(.kt-has-1-columns) > .wp-block-kadence-column.kadence-column15246_1c96fa-e9 > .kt-inside-inner-col{flex-direction:column;justify-content:center;}.kadence-column15246_1c96fa-e9 > .kt-inside-inner-col:before{opacity:0.3;}.kadence-column15246_1c96fa-e9{position:relative;}@media all and (max-width: 1024px){.kt-row-column-wrap > .kadence-column15246_1c96fa-e9{align-self:center;}}@media all and (max-width: 1024px){.kt-inner-column-height-full:not(.kt-has-1-columns) > .wp-block-kadence-column.kadence-column15246_1c96fa-e9{align-self:auto;}}@media all and (max-width: 1024px){.kt-inner-column-height-full:not(.kt-has-1-columns) > .wp-block-kadence-column.kadence-column15246_1c96fa-e9 > .kt-inside-inner-col{flex-direction:column;justify-content:center;}}@media all and (max-width: 1024px){.kadence-column15246_1c96fa-e9 > .kt-inside-inner-col{flex-direction:column;justify-content:center;}}@media all and (max-width: 767px){.kt-row-column-wrap > .kadence-column15246_1c96fa-e9{align-self:center;}.kt-inner-column-height-full:not(.kt-has-1-columns) > .wp-block-kadence-column.kadence-column15246_1c96fa-e9{align-self:auto;}.kt-inner-column-height-full:not(.kt-has-1-columns) > .wp-block-kadence-column.kadence-column15246_1c96fa-e9 > .kt-inside-inner-col{flex-direction:column;justify-content:center;}.kadence-column15246_1c96fa-e9 > .kt-inside-inner-col{flex-direction:column;justify-content:center;}}<\/style>\n<div class=\"wp-block-kadence-column kadence-column15246_1c96fa-e9 inner-column-1\"><div class=\"kt-inside-inner-col\"><style>.wp-block-kadence-advancedheading.kt-adv-heading15246_c70f8f-1d, .wp-block-kadence-advancedheading.kt-adv-heading15246_c70f8f-1d[data-kb-block=\"kb-adv-heading15246_c70f8f-1d\"]{text-align:center;font-style:normal;}.wp-block-kadence-advancedheading.kt-adv-heading15246_c70f8f-1d mark.kt-highlight, .wp-block-kadence-advancedheading.kt-adv-heading15246_c70f8f-1d[data-kb-block=\"kb-adv-heading15246_c70f8f-1d\"] mark.kt-highlight{font-style:normal;color:#f76a0c;-webkit-box-decoration-break:clone;box-decoration-break:clone;padding-top:0px;padding-right:0px;padding-bottom:0px;padding-left:0px;}.wp-block-kadence-advancedheading.kt-adv-heading15246_c70f8f-1d img.kb-inline-image, .wp-block-kadence-advancedheading.kt-adv-heading15246_c70f8f-1d[data-kb-block=\"kb-adv-heading15246_c70f8f-1d\"] img.kb-inline-image{width:150px;vertical-align:baseline;}<\/style>\n<h1 class=\"kt-adv-heading15246_c70f8f-1d wp-block-kadence-advancedheading has-theme-palette-9-color has-text-color\" data-kb-block=\"kb-adv-heading15246_c70f8f-1d\"><mark style=\"background-color:rgba(0, 0, 0, 0)\" class=\"has-inline-color has-theme-palette-9-color\">Reise-Essentials, damit du intelligenter reisen kannst<\/mark><\/h1>\n\n\n<style>.wp-block-kadence-advancedheading.kt-adv-heading15246_c79d3d-15, .wp-block-kadence-advancedheading.kt-adv-heading15246_c79d3d-15[data-kb-block=\"kb-adv-heading15246_c79d3d-15\"]{padding-right:50px;padding-left:50px;text-align:center;line-height:30px;font-style:normal;}.wp-block-kadence-advancedheading.kt-adv-heading15246_c79d3d-15 mark.kt-highlight, .wp-block-kadence-advancedheading.kt-adv-heading15246_c79d3d-15[data-kb-block=\"kb-adv-heading15246_c79d3d-15\"] mark.kt-highlight{font-style:normal;color:#f76a0c;-webkit-box-decoration-break:clone;box-decoration-break:clone;padding-top:0px;padding-right:0px;padding-bottom:0px;padding-left:0px;}.wp-block-kadence-advancedheading.kt-adv-heading15246_c79d3d-15 img.kb-inline-image, .wp-block-kadence-advancedheading.kt-adv-heading15246_c79d3d-15[data-kb-block=\"kb-adv-heading15246_c79d3d-15\"] img.kb-inline-image{width:150px;vertical-align:baseline;}<\/style>\n<p class=\"kt-adv-heading15246_c79d3d-15 wp-block-kadence-advancedheading has-theme-palette-8-color has-text-color\" data-kb-block=\"kb-adv-heading15246_c79d3d-15\"><\/p>\n<\/div><\/div>\n\n<\/div><\/div>\n\n\n<div class=\"wp-block-columns is-layout-flex wp-container-core-columns-is-layout-9d6595d7 wp-block-columns-is-layout-flex\">\n<div class=\"wp-block-column is-layout-flow wp-block-column-is-layout-flow\" style=\"flex-basis:5%\"><\/div>\n\n\n\n<div class=\"wp-block-column is-layout-flow wp-block-column-is-layout-flow\" style=\"flex-basis:80%\">\n<p style=\"font-size:10px\"><em>Dieser Artikel enth\u00e4lt Affiliate-Links. Siehe die Fu\u00dfzeile und <a href=\"https:\/\/bangkokinsiders.com\/de\/affiliate-haftungsausschluss\/\" target=\"_blank\" data-type=\"page\" data-id=\"234\" rel=\"noreferrer noopener\"><strong>Affiliate Haftungsausschluss<\/strong><\/a> f\u00fcr alle Details. <\/em><\/p>\n\n\n\n<p class=\"has-medium-font-size\">Plane intelligenter und reise besser mit diesen zuverl\u00e4ssigen Apps und Ressourcen, die dir mehr Zeit verschaffen, damit du jeden Moment deines Abenteuers genie\u00dfen kannst.  <\/p>\n\n\n\n<p class=\"has-medium-font-size\">Bei Bangkok Insiders verlassen wir uns auf diese Tools, um das Reisen zu vereinfachen, und wir werden diese Liste st\u00e4ndig erweitern, wenn wir weitere &#8222;Tools of the Travel Trade&#8220; entdecken. &#8218;<\/p>\n\n\n\n<p class=\"has-medium-font-size\">Wenn du Fragen zu unseren Empfehlungen hast, kannst du dich gerne an <a href=\"mailto:hello@bangkokinsiders.com\">hello@bangkokinsiders.com<\/a> wenden. <\/p>\n\n\n\n<p class=\"has-medium-font-size\">Viel Spa\u00df beim Planen!<\/p>\n\n\n\n<div style=\"height:25px\" aria-hidden=\"true\" class=\"wp-block-spacer\"><\/div>\n\n\n\n<h2 class=\"wp-block-heading has-text-align-left has-theme-palette-1-color has-text-color has-link-color wp-elements-e22dc6396e48b8d99f8176d03d1b5b53\" style=\"text-transform:none\"><strong>Empfohlene Reise-Apps<\/strong><\/h2>\n\n\n\n<hr class=\"wp-block-separator has-text-color has-theme-palette-2-color has-alpha-channel-opacity has-theme-palette-2-background-color has-background is-style-wide\"\/>\n\n\n\n<div style=\"height:40px\" aria-hidden=\"true\" class=\"wp-block-spacer\"><\/div>\n\n\n\n<div class=\"wp-block-columns is-layout-flex wp-container-core-columns-is-layout-9d6595d7 wp-block-columns-is-layout-flex\">\n<div class=\"wp-block-column is-layout-flow wp-block-column-is-layout-flow\" style=\"flex-basis:33.33%\">\n<figure class=\"wp-block-image size-full is-resized\"><a href=\"https:\/\/www.booking.com\/index.html?aid=911837\" target=\"_blank\" rel=\" noreferrer noopener nofollow\"><img decoding=\"async\" src=\"https:\/\/www.universal-traveller.com\/wp-content\/uploads\/2023\/05\/Booking-com-logo-400x80.jpg.webp\" alt=\"\" class=\"wp-image-184800\" style=\"width:250px\"><\/a><\/figure>\n<\/div>\n\n\n\n<div class=\"wp-block-column is-layout-flow wp-block-column-is-layout-flow\" style=\"flex-basis:66.66%\">\n<p class=\"has-text-align-left\"><a href=\"https:\/\/www.booking.com\/index.html?aid=911837\" target=\"_blank\" rel=\"noreferrer noopener nofollow sponsored\">Booking.com<\/a> ist eine unserer bevorzugten Plattformen f\u00fcr Hotels und bietet g\u00fcnstige Preise, eine gro\u00dfe Auswahl und eine einfach zu bedienende Oberfl\u00e4che. Du kannst dort auch Fl\u00fcge und Mietwagen buchen, so dass du bei der Reiseplanung alles aus einer Hand bekommst. <\/p>\n\n\n\n<div class=\"wp-block-buttons is-content-justification-center is-layout-flex wp-container-core-buttons-is-layout-16018d1d wp-block-buttons-is-layout-flex\">\n<div class=\"wp-block-button\"><a class=\"wp-block-button__link wp-element-button\" href=\"https:\/\/www.booking.com\/index.html?aid=911837\" target=\"_blank\" rel=\"noreferrer noopener nofollow\">Bring mich zu booking.com<\/a><\/div>\n<\/div>\n<\/div>\n<\/div>\n\n\n\n<div style=\"height:25px\" aria-hidden=\"true\" class=\"wp-block-spacer\"><\/div>\n\n\n\n<div class=\"wp-block-columns is-layout-flex wp-container-core-columns-is-layout-9d6595d7 wp-block-columns-is-layout-flex\">\n<div class=\"wp-block-column is-layout-flow wp-block-column-is-layout-flow\" style=\"flex-basis:33.33%\">\n<figure class=\"wp-block-image size-large is-resized\"><a href=\"https:\/\/www.getyourguide.com\/\" target=\"_blank\" rel=\"nofollow noopener\"><img decoding=\"async\" src=\"https:\/\/www.universal-traveller.com\/wp-content\/uploads\/2020\/12\/get-your-guide-logo.jpg\" alt=\"\" class=\"wp-image-46146\" style=\"width:250px\"><\/a><\/figure>\n<\/div>\n\n\n\n<div class=\"wp-block-column is-layout-flow wp-block-column-is-layout-flow\" style=\"flex-basis:66.66%\">\n<p class=\"has-text-align-left\"><a href=\"https:\/\/www.getyourguide.com\/\" target=\"_blank\" rel=\"noreferrer noopener nofollow sponsored\">Get Your Guide<\/a> hilft unseren Reisenden, die besten Touren und Erlebnisse zu entdecken, egal wohin sie reisen. Es ist unsere erste Anlaufstelle, wenn wir Reisen zu neuen Zielen planen. <\/p>\n\n\n\n<div class=\"wp-block-buttons is-content-justification-center is-layout-flex wp-container-core-buttons-is-layout-16018d1d wp-block-buttons-is-layout-flex\">\n<div class=\"wp-block-button\"><a class=\"wp-block-button__link wp-element-button\" href=\"https:\/\/www.getyourguide.com\/\" target=\"_blank\" rel=\"noreferrer noopener nofollow\">Bring mich zu GetYourGuide<\/a><\/div>\n<\/div>\n<\/div>\n<\/div>\n\n\n\n<div style=\"height:25px\" aria-hidden=\"true\" class=\"wp-block-spacer\"><\/div>\n\n\n\n<div class=\"wp-block-columns is-layout-flex wp-container-core-columns-is-layout-9d6595d7 wp-block-columns-is-layout-flex\">\n<div class=\"wp-block-column is-layout-flow wp-block-column-is-layout-flow\" style=\"flex-basis:33.33%\">\n<figure class=\"wp-block-image size-full is-resized\"><a href=\"https:\/\/www.agoda.com\/?site_id=1602980\" target=\"_blank\" rel=\"nofollow noopener\"><img decoding=\"async\" src=\"https:\/\/www.universal-traveller.com\/wp-content\/uploads\/2023\/05\/Agoda-logo-2-400x162.jpg.webp\" alt=\"\" class=\"wp-image-184921\" style=\"width:250px\"><\/a><\/figure>\n<\/div>\n\n\n\n<div class=\"wp-block-column is-layout-flow wp-block-column-is-layout-flow\" style=\"flex-basis:66.66%\">\n<p class=\"has-text-align-left\"><a href=\"https:\/\/www.agoda.com\/?site_id=1602980\" target=\"_blank\" rel=\"noreferrer noopener nofollow sponsored\">Agoda<\/a> ist unser Favorit f\u00fcr die Buchung von Hotels in bestimmten Regionen, insbesondere in Asien. Du kannst f\u00fcr die Bewertung von Unterk\u00fcnften Pr\u00e4mienpunkte sammeln, die du gegen Gratis\u00fcbernachtungen eintauschen kannst, was es zu einer fantastischen Wahl f\u00fcr Vielreisende macht. <\/p>\n\n\n\n<div class=\"wp-block-buttons is-content-justification-center is-layout-flex wp-container-core-buttons-is-layout-16018d1d wp-block-buttons-is-layout-flex\">\n<div class=\"wp-block-button\"><a class=\"wp-block-button__link wp-element-button\" href=\"https:\/\/www.agoda.com\/?site_id=1602980\" target=\"_blank\" rel=\"noreferrer noopener nofollow\">Bring mich zu agoda<\/a><\/div>\n<\/div>\n<\/div>\n<\/div>\n\n\n\n<div style=\"height:25px\" aria-hidden=\"true\" class=\"wp-block-spacer\"><\/div>\n\n\n\n<h2 class=\"wp-block-heading has-theme-palette-1-color has-text-color has-link-color wp-elements-266c240cf9acd53d978445ebdecc10f6\" style=\"text-transform:none\"><strong>Reise-Tools und Ressourcen<\/strong><\/h2>\n\n\n\n<hr class=\"wp-block-separator has-text-color has-theme-palette-2-color has-alpha-channel-opacity has-theme-palette-2-background-color has-background is-style-wide\"\/>\n\n\n\n<div style=\"height:0px\" aria-hidden=\"true\" class=\"wp-block-spacer\"><\/div>\n\n\n\n<div style=\"height:40px\" aria-hidden=\"true\" class=\"wp-block-spacer\"><\/div>\n\n\n\n<div class=\"wp-block-columns is-layout-flex wp-container-core-columns-is-layout-9d6595d7 wp-block-columns-is-layout-flex\">\n<div class=\"wp-block-column is-layout-flow wp-block-column-is-layout-flow\" style=\"flex-basis:33.33%\">\n<figure class=\"wp-block-image size-large is-resized\"><a href=\"https:\/\/safetywing.com\/nomad-insurance\/?referenceID=24736652&amp;campaign=bangkok-insiders&amp;utm_campaign=bangkok-insiders&amp;utm_source=24736652&amp;utm_medium=Ambassador\" target=\"_blank\" rel=\"nofollow noopener\"><img decoding=\"async\" src=\"https:\/\/www.universal-traveller.com\/wp-content\/uploads\/2019\/05\/safety-wing-logo.png\" alt=\"Beste Reiseversicherung Sicherheit Winy\" class=\"wp-image-26166\" style=\"width:250px\"\/><\/a><\/figure>\n<\/div>\n\n\n\n<div class=\"wp-block-column is-layout-flow wp-block-column-is-layout-flow\" style=\"flex-basis:66.66%\">\n<p>F\u00fcr Reisende, die h\u00e4ufig den Standort wechseln oder f\u00fcr l\u00e4ngere Zeit ins Ausland gehen, bietet SafetyWing eine <a href=\"https:\/\/safetywing.com\/nomad-insurance\/?referenceID=24736652&amp;campaign=bangkok-insiders&amp;utm_campaign=bangkok-insiders&amp;utm_source=24736652&amp;utm_medium=Ambassador\" target=\"_blank\" rel=\"noreferrer noopener nofollow sponsored\">flexible und zuverl\u00e4ssige Reisekrankenversicherung f\u00fcr digitale Nomaden<\/a> zu einem Drittel des Preises \u00e4hnlicher Tarife.  <\/p>\n\n\n\n<div class=\"wp-block-buttons is-content-justification-center is-layout-flex wp-container-core-buttons-is-layout-16018d1d wp-block-buttons-is-layout-flex\">\n<div class=\"wp-block-button\"><a class=\"wp-block-button__link wp-element-button\" href=\"https:\/\/safetywing.com\/nomad-insurance\/?referenceID=24736652&amp;campaign=bangkok-insiders&amp;utm_campaign=bangkok-insiders&amp;utm_source=24736652&amp;utm_medium=Ambassador\" target=\"_blank\" rel=\"noreferrer noopener nofollow\">Bring mich zu Safetywing<\/a><\/div>\n<\/div>\n<\/div>\n<\/div>\n\n\n\n<div style=\"height:25px\" aria-hidden=\"true\" class=\"wp-block-spacer\"><\/div>\n\n\n\n<div class=\"wp-block-columns is-layout-flex wp-container-core-columns-is-layout-9d6595d7 wp-block-columns-is-layout-flex\">\n<div class=\"wp-block-column is-layout-flow wp-block-column-is-layout-flow\" style=\"flex-basis:33.33%\">\n<figure class=\"wp-block-image size-full is-resized\"><a href=\"https:\/\/go.expressvpn.com\/c\/1321438\/1481121\/16063?sharedid=Bangkok-Insiders\" target=\"_blank\" rel=\"noreferrer noopener nofollow\"><img decoding=\"async\" src=\"https:\/\/www.universal-traveller.com\/wp-content\/uploads\/2024\/10\/expressvpn-logo.jpg\" alt=\"\" class=\"wp-image-215107\" style=\"width:250px\"><\/a><\/figure>\n<\/div>\n\n\n\n<div class=\"wp-block-column is-layout-flow wp-block-column-is-layout-flow\" style=\"flex-basis:66.66%\">\n<p>Wir vertrauen auf <a href=\"https:\/\/go.expressvpn.com\/c\/1321438\/1481121\/16063?sharedid=Bangkok-Insiders\" target=\"_blank\" rel=\"noreferrer noopener nofollow sponsored\">ExpressVPN<\/a>, wenn es um sicheres und zuverl\u00e4ssiges Surfen im Internet auf Reisen geht, mit schnellen, verschl\u00fcsselten Verbindungen zum Schutz deiner Privatsph\u00e4re. Mit einer benutzerfreundlichen Oberfl\u00e4che und Servern in mehr als 90 L\u00e4ndern eignet sich ExpressVPN perfekt zum Streamen, Spielen und um deine Daten in \u00f6ffentlichen WLANs zu sch\u00fctzen. <\/p>\n\n\n\n<div class=\"wp-block-buttons is-content-justification-center is-layout-flex wp-container-core-buttons-is-layout-16018d1d wp-block-buttons-is-layout-flex\">\n<div class=\"wp-block-button\"><a class=\"wp-block-button__link wp-element-button\" href=\"https:\/\/go.expressvpn.com\/c\/1321438\/1481121\/16063?sharedid=Bangkok-Insiders\" target=\"_blank\" rel=\"noreferrer noopener nofollow\">Bring mich zu ExpressVPN<\/a><\/div>\n<\/div>\n<\/div>\n<\/div>\n\n\n\n<div style=\"height:40px\" aria-hidden=\"true\" class=\"wp-block-spacer\"><\/div>\n\n\n\n<div class=\"wp-block-columns is-layout-flex wp-container-core-columns-is-layout-3da6863c wp-block-columns-is-layout-flex\">\n<div class=\"wp-block-column is-layout-flow wp-block-column-is-layout-flow\">\n<h2 class=\"wp-block-heading has-theme-palette-1-color has-text-color has-link-color wp-elements-7ec22493527f3071ec885d31af7cd834\" style=\"text-transform:none\">Kontakt aufnehmen<\/h2>\n\n\n\n<hr class=\"wp-block-separator has-text-color has-theme-palette-2-color has-alpha-channel-opacity has-theme-palette-2-background-color has-background is-style-wide\"\/>\n\n\n\n<div style=\"height:50px\" aria-hidden=\"true\" class=\"wp-block-spacer\"><\/div>\n\n\n\n<p>Bist du daran interessiert, mit uns zusammenzuarbeiten, um deine Marke mit der Bangkok Insiders-Community zu verbinden?<\/p>\n\n\n\n<p>Wende dich an <a href=\"mailto:hello@bangkokinsiders.com\">hello@bangkokinsiders.com<\/a>, um unsere ma\u00dfgeschneiderten Partnerschaftspakete kennenzulernen.<\/p>\n<\/div>\n\n\n\n<div class=\"wp-block-column is-layout-flow wp-block-column-is-layout-flow\"><\/div>\n<\/div>\n<\/div>\n\n\n\n<div class=\"wp-block-column is-layout-flow wp-block-column-is-layout-flow\"><\/div>\n\n\n\n<div class=\"wp-block-column is-layout-flow wp-block-column-is-layout-flow\" style=\"flex-basis:5%\"><\/div>\n<\/div>\n\n\n\n<div id=\"mediavine-settings\" data-blocklist-all=\"1\"><\/div>\n<div id=\"hide-grow-widget\"><\/div>\n\n\n\n<p><\/p>\n","protected":false},"excerpt":{"rendered":"<p>Reise-Essentials, damit du intelligenter reisen kannst Dieser Artikel enth\u00e4lt Affiliate-Links. Siehe die Fu\u00dfzeile und Affiliate Haftungsausschluss f\u00fcr alle Details. Plane intelligenter und reise besser mit diesen zuverl\u00e4ssigen Apps und Ressourcen, die dir mehr Zeit verschaffen, damit du jeden Moment deines Abenteuers genie\u00dfen kannst. Bei Bangkok Insiders verlassen wir uns auf diese Tools, um das Reisen&#8230;<\/p>\n","protected":false},"author":2,"featured_media":15044,"parent":0,"menu_order":0,"comment_status":"closed","ping_status":"closed","template":"","meta":{"_kad_post_transparent":"enable","_kad_post_title":"hide","_kad_post_layout":"normal","_kad_post_sidebar_id":"","_kad_post_content_style":"unboxed","_kad_post_vertical_padding":"hide","_kad_post_feature":"","_kad_post_feature_position":"","_kad_post_header":false,"_kad_post_footer":false,"footnotes":""},"class_list":["post-15246","page","type-page","status-publish","has-post-thumbnail","hentry"],"_links":{"self":[{"href":"https:\/\/www.bangkokinsiders.com\/de\/wp-json\/wp\/v2\/pages\/15246","targetHints":{"allow":["GET"]}}],"collection":[{"href":"https:\/\/www.bangkokinsiders.com\/de\/wp-json\/wp\/v2\/pages"}],"about":[{"href":"https:\/\/www.bangkokinsiders.com\/de\/wp-json\/wp\/v2\/types\/page"}],"author":[{"embeddable":true,"href":"https:\/\/www.bangkokinsiders.com\/de\/wp-json\/wp\/v2\/users\/2"}],"replies":[{"embeddable":true,"href":"https:\/\/www.bangkokinsiders.com\/de\/wp-json\/wp\/v2\/comments?post=15246"}],"version-history":[{"count":3,"href":"https:\/\/www.bangkokinsiders.com\/de\/wp-json\/wp\/v2\/pages\/15246\/revisions"}],"predecessor-version":[{"id":15324,"href":"https:\/\/www.bangkokinsiders.com\/de\/wp-json\/wp\/v2\/pages\/15246\/revisions\/15324"}],"wp:featuredmedia":[{"embeddable":true,"href":"https:\/\/www.bangkokinsiders.com\/de\/wp-json\/wp\/v2\/media\/15044"}],"wp:attachment":[{"href":"https:\/\/www.bangkokinsiders.com\/de\/wp-json\/wp\/v2\/media?parent=15246"}],"curies":[{"name":"wp","href":"https:\/\/api.w.org\/{rel}","templated":true}]}}